{"id":7,"date":"2025-09-10T17:07:59","date_gmt":"2025-09-10T17:07:59","guid":{"rendered":"http:\/\/enaroyalgold.ro\/?page_id=7"},"modified":"2025-10-23T15:07:12","modified_gmt":"2025-10-23T15:07:12","slug":"7-2","status":"publish","type":"page","link":"https:\/\/enaroyalgold.ro\/en\/7-2\/","title":{"rendered":"About Us"},"content":{"rendered":"<div data-elementor-type=\"wp-page\" data-elementor-id=\"7\" class=\"elementor elementor-7\" data-elementor-post-type=\"page\">\n\t\t\t\t<div class=\"elementor-element elementor-element-71454800 e-flex e-con-boxed e-con e-parent\" data-id=\"71454800\" data-element_type=\"container\" data-settings=\"{&quot;background_background&quot;:&quot;gradient&quot;}\">\n\t\t\t\t\t<div class=\"e-con-inner\">\n\t\t\t\t<div class=\"elementor-element elementor-element-78dad155 elementor-widget elementor-widget-text-editor\" data-id=\"78dad155\" data-element_type=\"widget\" data-widget_type=\"text-editor.default\">\n\t\t\t\t\t\t\t\t\t\n<p>\u00a0<\/p>\n<p>We are launching in ROMANIA an innovative project dedicated to the concentration of rare metals from minerals and aggregates. Our modern technology of <strong>gold rafining and precious metal recovery<\/strong> is integrated directly under the water sorting stations, ensuring maximum efficiency in the recovery process and an implementation adapted to the needs of the metal extraction industry.<\/p>\n\n<p>Our mission is to provide clients with safe, transparent, and reliable services based on experience and professionalism.<\/p>\n\n<p>We believe in quality, responsibility, and long-term partnerships with all our clients.<\/p>\n\n<p>For more information, visit our website. <strong><a href=\"http:\/\/enaroyalgold.ro\/en\/contact\/\" data-type=\"page\" data-id=\"10\">Contact<\/a><\/strong><\/p>\n\n<p>Read our privacy policy.<strong> <a href=\"http:\/\/enaroyalgold.ro\/en\/sample-page\/\" data-type=\"page\" data-id=\"2\">Sample Page<\/a>Privacy Policy<\/strong><\/p>\n\n<p>We also align with the highest international standards in the field of gold refining and follow best practices recognized at the global level <strong>Wikipedia-Aur<\/strong><\/p>\n\t\t\t\t\t\t\t\t<\/div>\n\t\t\t\t\t<\/div>\n\t\t\t\t<\/div>\n\t\t\t\t<\/div>","protected":false},"excerpt":{"rendered":"<p>\u00a0 Lans\u0103m \u00een ROM\u00c2NIA un proiect inovator dedicat concentr\u0103rii metalelor rare din minerale \u0219i agregate. Tehnologia noastr\u0103 modern\u0103 de rafinare aur \u0219i recuperare metale pre\u021bioase este integrat\u0103 direct sub sta\u021biile de sortare cu ap\u0103, asigur\u00e2nd eficien\u021b\u0103 maxim\u0103 \u00een procesul de recuperare \u0219i o implementate adaptat\u0103 nevoilor industriei de extrac\u021biei a metalelor . Misiunea noastr\u0103 este [&hellip;]<\/p>","protected":false},"author":1,"featured_media":6,"parent":0,"menu_order":0,"comment_status":"open","ping_status":"closed","template":"","meta":{"_acf_changed":false,"pagelayer_contact_templates":[],"_pagelayer_content":"","footnotes":""},"class_list":["post-7","page","type-page","status-publish","has-post-thumbnail","hentry"],"acf":[],"jetpack_sharing_enabled":true,"_links":{"self":[{"href":"https:\/\/enaroyalgold.ro\/en\/wp-json\/wp\/v2\/pages\/7","targetHints":{"allow":["GET"]}}],"collection":[{"href":"https:\/\/enaroyalgold.ro\/en\/wp-json\/wp\/v2\/pages"}],"about":[{"href":"https:\/\/enaroyalgold.ro\/en\/wp-json\/wp\/v2\/types\/page"}],"author":[{"embeddable":true,"href":"https:\/\/enaroyalgold.ro\/en\/wp-json\/wp\/v2\/users\/1"}],"replies":[{"embeddable":true,"href":"https:\/\/enaroyalgold.ro\/en\/wp-json\/wp\/v2\/comments?post=7"}],"version-history":[{"count":16,"href":"https:\/\/enaroyalgold.ro\/en\/wp-json\/wp\/v2\/pages\/7\/revisions"}],"predecessor-version":[{"id":639,"href":"https:\/\/enaroyalgold.ro\/en\/wp-json\/wp\/v2\/pages\/7\/revisions\/639"}],"wp:featuredmedia":[{"embeddable":true,"href":"https:\/\/enaroyalgold.ro\/en\/wp-json\/wp\/v2\/media\/6"}],"wp:attachment":[{"href":"https:\/\/enaroyalgold.ro\/en\/wp-json\/wp\/v2\/media?parent=7"}],"curies":[{"name":"wp","href":"https:\/\/api.w.org\/{rel}","templated":true}]}}