{"id":35,"date":"2025-09-11T10:20:21","date_gmt":"2025-09-11T10:20:21","guid":{"rendered":"http:\/\/enaroyalgold.ro\/?page_id=35"},"modified":"2025-10-23T15:08:15","modified_gmt":"2025-10-23T15:08:15","slug":"politica-de-confidentialitate","status":"publish","type":"page","link":"https:\/\/enaroyalgold.ro\/en\/politica-de-confidentialitate\/","title":{"rendered":"Privacy Policy"},"content":{"rendered":"<div data-elementor-type=\"wp-page\" data-elementor-id=\"35\" class=\"elementor elementor-35\" data-elementor-post-type=\"page\">\n\t\t\t\t<div class=\"elementor-element elementor-element-280f104c e-flex e-con-boxed e-con e-parent\" data-id=\"280f104c\" data-element_type=\"container\" data-settings=\"{&quot;background_background&quot;:&quot;gradient&quot;}\">\n\t\t\t\t\t<div class=\"e-con-inner\">\n\t\t\t\t<div class=\"elementor-element elementor-element-186325cb elementor-widget elementor-widget-text-editor\" data-id=\"186325cb\" data-element_type=\"widget\" data-widget_type=\"text-editor.default\">\n\t\t\t\t\t\t\t\t\t\n<p><strong>Privacy Policy<\/strong><\/p>\n\n<p class=\"translation-block\">At ENAROYALGOLD, we respect your data privacy and are committed to protecting the personal information you provide to us. This policy explains what data we collect, how we use it, and what your rights are.\u201d<\/p>\n\n<p>\u2e3b<\/p>\n\n<ol class=\"wp-block-list\">\n<li><strong>Who we are?<\/strong><\/li>\n<\/ol>\n\n<p>Our website is : <strong>https:\/\/enaroyalgold.ro<\/strong><\/p>\n\n<p>Company name <strong>ENAROYALGOLD<\/strong><\/p>\n\n<ol class=\"wp-block-list\" start=\"2\">\n<li><strong>Information collected<\/strong><\/li>\n<\/ol>\n\n<p>We many collect the following types of data:<br \/><strong>\u2022<\/strong> <strong>Contact details :<\/strong>name, e-mail address, phone number<br \/><strong>\u2022<\/strong> <strong>Technical information :<\/strong>IP address, browser type, cookies, device data<br \/><strong>\u2022<\/strong> <strong>Voluntarily provided data<\/strong>: messages  send via contact forms or by e-mail<\/p>\n\n<p>\u2e3b<\/p>\n\n<ol class=\"wp-block-list\" start=\"3\">\n<li><strong>How we use information<\/strong><\/li>\n<\/ol>\n\n<p>The collected data is used for:<br \/><strong>\u2022<\/strong> Providing and improving our services.<br \/><strong>\u2022<\/strong> Responding to inquiries , requests for quotations ,or collaborations.<br \/><strong>\u2022<\/strong> Analysis and security (detecting attacks,spam,etc.)<br \/><strong>\u2022<\/strong> Complying with legal and tax obligations<\/p>\n\n<p>\u2e3b<\/p>\n\n<ol class=\"wp-block-list\" start=\"4\">\n<li><strong>Cookie-uri<\/strong><\/li>\n<\/ol>\n\n<p>Our website uses cookies for:<br \/>Proper functioning of the website.<br \/>Traffic analysis ( Google Analytics or similar tools).<br \/>Social networks and integration with external services.<\/p>\n\n<p>You can disable cookies from your browser settings.<\/p>\n\n<p>\u2e3b<\/p>\n\n<ol class=\"wp-block-list\" start=\"5\">\n<li><strong>Data sharing<\/strong><\/li>\n<\/ol>\n\n<p>We do not sell or rent your data. We may shere information only :<br \/><strong>\u2022<\/strong> With authorities ,if required by law.<br \/><strong>\u2022 <\/strong>With IT service providers (e.g., web hosting) ,only for technical purposes.<\/p>\n\n<p>\u2e3b<\/p>\n\n<ol class=\"wp-block-list\" start=\"6\">\n<li><strong>Your rights<\/strong><\/li>\n<\/ol>\n\n<p>You have the following rights :<br \/><strong>\u2022<\/strong> The right to access you personal data.<br \/><strong>\u2022<\/strong> The right to rectification or deletion.<br \/><strong>\u2022<\/strong> The right to object to data processing.<br \/><strong>\u2022<\/strong> The right to data portability.<\/p>\n\n<p>To exercise these rights ,you can contact us at :<br \/><strong>\ud83d\udce7<\/strong> <strong>ecogoldrafinare@yahoo.com<\/strong><br \/><strong>\ud83d\udcde<\/strong> <strong>0748300995<\/strong><\/p>\n\n<p>\u2e3b<\/p>\n\n<ol class=\"wp-block-list\" start=\"7\">\n<li><strong>Data security<\/strong><\/li>\n<\/ol>\n\n<p>We use technical and organizational measures to protect personal data against unauthorized access ,loss ,or alteration .<\/p>\n\n<p>\u2e3b<\/p>\n\n<ol class=\"wp-block-list\" start=\"8\">\n<li><strong>Policy changes<\/strong><\/li>\n<\/ol>\n\n<p>We reserve the right to update this policy whenever necessary . We recommend checking tis page periodically .<br \/><strong>\u2022 \u00a9 2025 ENAROYALGOLD. All rights reserved. | Privacy Policy<\/strong><\/p>\n\t\t\t\t\t\t\t\t<\/div>\n\t\t\t\t\t<\/div>\n\t\t\t\t<\/div>\n\t\t\t\t<\/div>","protected":false},"excerpt":{"rendered":"<p>Politica de confiden\u021bialitate La ENAROYALGOLD, respect\u0103m confiden\u021bialitatea datelor dumneavoastr\u0103 \u0219i ne angaj\u0103m s\u0103 protej\u0103m informa\u021biile personale pe care ni le furniza\u021bi. Aceast\u0103 politic\u0103 explic\u0103 ce date colect\u0103m, cum le folosim \u0219i care sunt drepturile dumneavoastr\u0103. \u2e3b Website-ul nostru este: https:\/\/enaroyalgold.ro Denumirea companiei: ENAROYALGOLD Putem colecta urm\u0103toarele tipuri de date:\u2022 Date de contact: nume, adres\u0103 de [&hellip;]<\/p>","protected":false},"author":1,"featured_media":0,"parent":0,"menu_order":0,"comment_status":"closed","ping_status":"closed","template":"","meta":{"_acf_changed":false,"pagelayer_contact_templates":[],"_pagelayer_content":"","footnotes":""},"class_list":["post-35","page","type-page","status-publish","hentry"],"acf":[],"jetpack_sharing_enabled":true,"_links":{"self":[{"href":"https:\/\/enaroyalgold.ro\/en\/wp-json\/wp\/v2\/pages\/35","targetHints":{"allow":["GET"]}}],"collection":[{"href":"https:\/\/enaroyalgold.ro\/en\/wp-json\/wp\/v2\/pages"}],"about":[{"href":"https:\/\/enaroyalgold.ro\/en\/wp-json\/wp\/v2\/types\/page"}],"author":[{"embeddable":true,"href":"https:\/\/enaroyalgold.ro\/en\/wp-json\/wp\/v2\/users\/1"}],"replies":[{"embeddable":true,"href":"https:\/\/enaroyalgold.ro\/en\/wp-json\/wp\/v2\/comments?post=35"}],"version-history":[{"count":10,"href":"https:\/\/enaroyalgold.ro\/en\/wp-json\/wp\/v2\/pages\/35\/revisions"}],"predecessor-version":[{"id":642,"href":"https:\/\/enaroyalgold.ro\/en\/wp-json\/wp\/v2\/pages\/35\/revisions\/642"}],"wp:attachment":[{"href":"https:\/\/enaroyalgold.ro\/en\/wp-json\/wp\/v2\/media?parent=35"}],"curies":[{"name":"wp","href":"https:\/\/api.w.org\/{rel}","templated":true}]}}