{"id":2,"date":"2025-09-10T13:58:32","date_gmt":"2025-09-10T13:58:32","guid":{"rendered":"http:\/\/enaroyalgold.ro\/?page_id=2"},"modified":"2025-10-23T15:09:05","modified_gmt":"2025-10-23T15:09:05","slug":"servicii-rafinare-aur","status":"publish","type":"page","link":"https:\/\/enaroyalgold.ro\/en\/servicii-rafinare-aur\/","title":{"rendered":"Our Services"},"content":{"rendered":"<div data-elementor-type=\"wp-page\" data-elementor-id=\"2\" class=\"elementor elementor-2\" data-elementor-post-type=\"page\">\n\t\t\t\t<div class=\"elementor-element elementor-element-3617458f e-flex e-con-boxed e-con e-parent\" data-id=\"3617458f\" data-element_type=\"container\" data-settings=\"{&quot;background_background&quot;:&quot;gradient&quot;}\">\n\t\t\t\t\t<div class=\"e-con-inner\">\n\t\t\t\t<div class=\"elementor-element elementor-element-7e269c7b elementor-widget elementor-widget-text-editor\" data-id=\"7e269c7b\" data-element_type=\"widget\" data-widget_type=\"text-editor.default\">\n\t\t\t\t\t\t\t\t\t\n<p><strong>Welcome to ENAROYALGOLD<\/strong><\/p>\n\n<p><strong>ENAROYALGOLD <\/strong>este partenerul t\u0103u de \u00eencredere \u00een domeniul metalelor pre\u021bioase \u0219i rafin\u0103rii aurului. Oferim solu\u021bii moderne \u0219i eficiente pentru concentrarea ,rafinarea \u0219i prelucrare, respect\u00e2nd cele mai \u00eenalte standarde interna\u021bionale.<\/p>\n\n<p><strong>Who are we?<\/strong><\/p>\n\n<p>We are the first to have <strong>Invented<\/strong> and <strong>Patented<\/strong> first <strong>Romanian gravity hydro-concentrator <\/strong>cu o experien\u021b\u0103 de peste 15 ani \u00een domeniul concentr\u0103ri \u0219i rafin\u0103rii a metalelor rare. Ne m\u00e2ndrim cu seriozitate ,transparen\u021b\u0103 \u0219i angajamentul nostru fa\u021b\u0103 de fiecare client.<\/p>\n\n<p><strong>What do we do ?<\/strong><\/p>\n\n<p>Realize <strong> hydro-gravitational concentrators and rare metal concentration tables<\/strong> , utiliz\u00e2nd tehnologii moderne pentru ob\u021binerea unei eficien\u021be ridicate. \u00cen plus oferim servici specializate de<strong> processing of aggregates, minerals and concentrates<\/strong> adaptate nevoilor industriei extractive \u0219i de procesare.<\/p>\n\n<p>\u00a0<\/p>\n\t\t\t\t\t\t\t\t<\/div>\n\t\t\t\t\t<\/div>\n\t\t\t\t<\/div>\n\t\t\t\t<\/div>","protected":false},"excerpt":{"rendered":"<p>Bun venit la ENAROYALGOLD ENAROYALGOLD este partenerul t\u0103u de \u00eencredere \u00een domeniul metalelor pre\u021bioase \u0219i rafin\u0103rii aurului. Oferim solu\u021bii moderne \u0219i eficiente pentru concentrarea ,rafinarea \u0219i prelucrare, respect\u00e2nd cele mai \u00eenalte standarde interna\u021bionale. Cine suntem? Noi suntem primi care au inventat \u0219i brevetat primul CONCENTRATOR HIDROGRAVITA\u021aIONAL ROM\u00c2NESC cu o experien\u021b\u0103 de peste 15 ani \u00een [&hellip;]<\/p>","protected":false},"author":1,"featured_media":0,"parent":0,"menu_order":0,"comment_status":"closed","ping_status":"open","template":"","meta":{"_acf_changed":false,"pagelayer_contact_templates":[],"_pagelayer_content":"","footnotes":""},"class_list":["post-2","page","type-page","status-publish","hentry"],"acf":[],"jetpack_sharing_enabled":true,"_links":{"self":[{"href":"https:\/\/enaroyalgold.ro\/en\/wp-json\/wp\/v2\/pages\/2","targetHints":{"allow":["GET"]}}],"collection":[{"href":"https:\/\/enaroyalgold.ro\/en\/wp-json\/wp\/v2\/pages"}],"about":[{"href":"https:\/\/enaroyalgold.ro\/en\/wp-json\/wp\/v2\/types\/page"}],"author":[{"embeddable":true,"href":"https:\/\/enaroyalgold.ro\/en\/wp-json\/wp\/v2\/users\/1"}],"replies":[{"embeddable":true,"href":"https:\/\/enaroyalgold.ro\/en\/wp-json\/wp\/v2\/comments?post=2"}],"version-history":[{"count":11,"href":"https:\/\/enaroyalgold.ro\/en\/wp-json\/wp\/v2\/pages\/2\/revisions"}],"predecessor-version":[{"id":645,"href":"https:\/\/enaroyalgold.ro\/en\/wp-json\/wp\/v2\/pages\/2\/revisions\/645"}],"wp:attachment":[{"href":"https:\/\/enaroyalgold.ro\/en\/wp-json\/wp\/v2\/media?parent=2"}],"curies":[{"name":"wp","href":"https:\/\/api.w.org\/{rel}","templated":true}]}}