{"id":169,"date":"2025-09-14T20:06:37","date_gmt":"2025-09-14T20:06:37","guid":{"rendered":"https:\/\/enaroyalgold.ro\/?page_id=169"},"modified":"2025-10-23T15:02:48","modified_gmt":"2025-10-23T15:02:48","slug":"%f0%9f%93%84-politica-de-rambursari-si-retururi","status":"publish","type":"page","link":"https:\/\/enaroyalgold.ro\/en\/%f0%9f%93%84-politica-de-rambursari-si-retururi\/","title":{"rendered":"\ud83d\udcc4 Politica de ramburs\u0103ri \u0219i retururi"},"content":{"rendered":"<div data-elementor-type=\"wp-page\" data-elementor-id=\"169\" class=\"elementor elementor-169\" data-elementor-post-type=\"page\">\n\t\t\t\t<div class=\"elementor-element elementor-element-330ebe50 e-flex e-con-boxed e-con e-parent\" data-id=\"330ebe50\" data-element_type=\"container\" data-settings=\"{&quot;background_background&quot;:&quot;gradient&quot;}\">\n\t\t\t\t\t<div class=\"e-con-inner\">\n\t\t\t\t<div class=\"elementor-element elementor-element-42331b88 elementor-widget elementor-widget-text-editor\" data-id=\"42331b88\" data-element_type=\"widget\" data-widget_type=\"text-editor.default\">\n\t\t\t\t\t\t\t\t\t\n<p><strong>ENAROYALGOLD<\/strong> we value our customers and strive to make your shopping experience as smooth as possible.<br \/>If you are not completely satisfied with your purchase, you may return the products in compliance with applicable legislation.<\/p>\n\n<ol class=\"wp-block-list\">\n<li class=\"has-medium-font-size\"><strong>Right of return<\/strong><br \/>\u2022 Conform <strong>OUG nr. 34\/2014<\/strong>You have the right to return products purchased online within 14 calendar days from receiving the order, without providing a reason.<br \/>The products must be returned in the same condition in which they were received, together with all accessories and accompanying documents.<\/li>\n\n<li class=\"has-medium-font-size\"><strong>Exceptions to returns. <\/strong><strong>Products cannot be returned that.<\/strong>Have been used or damaged after delivery; belong to categories which, by their nature, cannot be returned for protection reasons (if applicable for certain products).<\/li>\n\n<li class=\"has-medium-font-size\">P<strong>Return procedure<\/strong>\n<ol class=\"wp-block-list\">\n<li class=\"has-medium-font-size\">Send a return request by e-mail <strong>ecogoldrafinare@yahoo.com sau la telefon: +40 748 300 995<\/strong>.<\/li>\n\n<li class=\"has-medium-font-size\">Products must be send to the address <strong>Or\u0103\u0219tie, jude\u021b Hunedoara.<\/strong><\/li>\n\n<li>Return shipping costs are borne by the customer, except in cases where the product was delivered incorrectly or is defective.<\/li>\n<\/ol>\n<\/li>\n\n<li class=\"has-medium-font-size\"><strong>Refund of Money<\/strong><br \/>Refunds for returned products will be made within a maximum of 14 calendar days from the confirmation of the return.<br \/>The amount will be refunded to the bank account indicated by the customer.<\/li>\n<\/ol>\n\t\t\t\t\t\t\t\t<\/div>\n\t\t\t\t\t<\/div>\n\t\t\t\t<\/div>\n\t\t\t\t<\/div>","protected":false},"excerpt":{"rendered":"<p>ENAROYALGOLD \u00ee\u0219i respect\u0103 clien\u021bii \u0219i dorim ca experien\u021ba de cump\u0103rare s\u0103 fie c\u00e2t mai pl\u0103cut\u0103.Dac\u0103 nu e\u0219ti pe deplin mul\u021bumit(\u0103) de achizi\u021bia f\u0103cut\u0103, \u00ee\u021bi oferim posibilitatea de a returna produsele conform legisla\u021biei \u00een vigoare.<\/p>","protected":false},"author":1,"featured_media":0,"parent":0,"menu_order":0,"comment_status":"closed","ping_status":"closed","template":"","meta":{"_acf_changed":false,"pagelayer_contact_templates":[],"_pagelayer_content":"","footnotes":""},"class_list":["post-169","page","type-page","status-publish","hentry"],"acf":[],"jetpack_sharing_enabled":true,"_links":{"self":[{"href":"https:\/\/enaroyalgold.ro\/en\/wp-json\/wp\/v2\/pages\/169","targetHints":{"allow":["GET"]}}],"collection":[{"href":"https:\/\/enaroyalgold.ro\/en\/wp-json\/wp\/v2\/pages"}],"about":[{"href":"https:\/\/enaroyalgold.ro\/en\/wp-json\/wp\/v2\/types\/page"}],"author":[{"embeddable":true,"href":"https:\/\/enaroyalgold.ro\/en\/wp-json\/wp\/v2\/users\/1"}],"replies":[{"embeddable":true,"href":"https:\/\/enaroyalgold.ro\/en\/wp-json\/wp\/v2\/comments?post=169"}],"version-history":[{"count":9,"href":"https:\/\/enaroyalgold.ro\/en\/wp-json\/wp\/v2\/pages\/169\/revisions"}],"predecessor-version":[{"id":630,"href":"https:\/\/enaroyalgold.ro\/en\/wp-json\/wp\/v2\/pages\/169\/revisions\/630"}],"wp:attachment":[{"href":"https:\/\/enaroyalgold.ro\/en\/wp-json\/wp\/v2\/media?parent=169"}],"curies":[{"name":"wp","href":"https:\/\/api.w.org\/{rel}","templated":true}]}}